{"id":2,"date":"2024-10-18T13:13:51","date_gmt":"2024-10-18T13:13:51","guid":{"rendered":"https:\/\/dev.maligoj.si\/?page_id=2"},"modified":"2025-04-18T07:07:23","modified_gmt":"2025-04-18T07:07:23","slug":"sample-page","status":"publish","type":"page","link":"https:\/\/www.maligoj.si\/index.php\/sample-page\/","title":{"rendered":"Tadej Maligoj"},"content":{"rendered":"\n<p class=\"p1\"><b>Zdravo,<\/b><\/p>\n\n\n\n<p class=\"p1\">Sem <strong>UX oblikovalec in arhitekt digitalnih re\u0161itev<\/strong>. Svojo oblikovalsko kariero sem posvetil razvoju ra\u010dunalni\u0161kih aplikacij, kjer sem v podobni vlogi kot je arhitekt v gradbeni\u0161tvu. Aktivno sodelujem v na\u010drtovanju produkta in pri tem ne gre le za estetsko vrednost \u2014 verjamem, da <strong>dobra zasnova uporabni\u0161kega vmesnika klju\u010dno vpliva na koristi vseh<\/strong>, vpletenih v produkt:<\/p>\n\n\n\n<ul class=\"wp-block-list ul1\">\n<li><b>izvajalcu<\/b> poenostavi pripravo in pospe\u0161i razvoj aplikacije,<\/li>\n\n\n\n<li><b>uporabniku<\/b> zagotovi predvidljivo uporabni\u0161ko izku\u0161njo,<\/li>\n\n\n\n<li><b>naro\u010dniku<\/b> ustvari u\u010dinkovito delovno mesto.<\/li>\n<\/ul>\n\n\n\n<blockquote class=\"wp-block-quote is-layout-flow wp-block-quote-is-layout-flow\" style=\"padding-right:var(--wp--preset--spacing--80);padding-left:var(--wp--preset--spacing--80)\">\n<p><em><strong>Vrhunski dizajn v dinami\u010dnih interaktivnih modelih<\/strong><br>Tadej je najbolj\u0161i arhitekt uporabni\u0161kih vmesnikov, s katerim sem delal. Odli\u010dno poslu\u0161a, kaj \u017eeli naro\u010dnik, preveri, kaj potrebujejo uporabniki, nato na podlagi izku\u0161enj oboje zdru\u017ei v kon\u010den rezultat. Sodelovati z njim pri projektu ali se z njim le pogovoriti ob kavi je vedno velik u\u017eitek. \u2014&nbsp;<\/em>Miha Breskvar, IUS Software<\/p>\n<\/blockquote>\n\n\n\n<p>V procesu razvoja kot arhitekt najve\u010d pripomorem v <strong>za\u010detni fazi projekta<\/strong>, ko se oblikujeta namen in obseg dela. Ob <strong>raziskovanju specifi\u010dnih potreb<\/strong> naloge razvijem <strong>dinami\u010dni model uporabni\u0161kega vmesnika<\/strong> za bodo\u010di produkt. Ta pristop pomembno pripomore k <strong>enotnemu razumevanju<\/strong> in <strong>usklajevanju pri\u010dakovanj<\/strong> med klju\u010dnimi akterji projekta: naro\u010dnikom, razvojnimi ekipami in kon\u010dnimi uporabniki.<\/p>\n\n\n\n<blockquote class=\"wp-block-quote is-layout-flow wp-block-quote-is-layout-flow\" style=\"padding-right:var(--wp--preset--spacing--80);padding-left:var(--wp--preset--spacing--80)\">\n<p><em><strong>Enostavnost uporabe<\/strong><br>Tadej je izjemen UX\/UI oblikovalec, ki poskrbi, da popolnoma razume celotno &#8220;zgodbo&#8221; uporabnika, nato pa te potrebe uporabnikov prevede v dizajn, katerega bi vsako podjetje s ponosom izdelalo v produkt. Imam privilegij, da vsak dan sodelujem s Tadejem. Izdelki, ki jih kot spletni razvijalec ustvarjam pod njegovim vodstvom, so osupljivi v dizajnu in enostavni za uporabo, tudi takrat, ko so v ozadju zelo kompleksni. Da ne omenjam, da je delo z njim zabavno. \u2014 <\/em>Tadeja Firman, Marand<\/p>\n<\/blockquote>\n\n\n\n<p class=\"p1\">Sodeloval sem pri razvoju digitalnih re\u0161itev za najve\u010dja slovenska podjetja, pri \u010demer je bilo <strong>raziskovanje edinstvenih delovnih procesov<\/strong> zame najzanimivej\u0161i del projekta. No\u010dne izmene v skladi\u0161\u010dih te\u017eke industrije, pisarne vlo\u017ei\u0161\u010d na Vrhovnem sodi\u0161\u010du, ali operacijska dvorana na Pediatri\u010dni kliniki, vsaka od teh izku\u0161enj mi je raz\u0161irila pogled na prilo\u017enosti pri oblikovanju digitalnih orodij, ki <strong>delovna mesta dvignejo na vi\u0161jo raven u\u010dinkovitosti<\/strong>.<\/p>\n\n\n\n<p class=\"p1\">Trenutno v <a href=\"https:\/\/www.better.care\/sl\/domov\/\" data-type=\"link\" data-id=\"https:\/\/www.better.care\/sl\/domov\/\">podjetju <b>Better<\/b><\/a> z ekipo nadarjenih UX oblikovalcev soustvarjamo napredna digitalna orodja za zdravstvene sisteme. Inovativni pristop, ki temelji na odprtih podatkih, pomaga izbolj\u0161evati zdravstveno oskrbo po vsem svetu.<\/p>\n\n\n\n<p>Poleg oblikovanja digitalnih produktov se lotim tudi <strong>re\u0161evanja tlorisov stanovanjskih hi\u0161<\/strong>. Verjamem, da ima arhitektura veliko skupnega z oblikovanjem uporabni\u0161kih aplikacij. Obe disciplini zahtevata poglobljeno razumevanje uporabnikov \u2013 stanovalcev ali kon\u010dnih uporabnikov \u2013 njihovih potreb in pri\u010dakovanj. Ta spoznanja je treba prevesti v model in ga prilagoditi prostoru ter njegovim fizi\u010dnim in formalnim omejitvam.<\/p>\n\n\n\n<p>Ob\u010dasno se preizkusim v <strong>grafi\u010dnem oblikovanju<\/strong>. Iz celostnih grafi\u010dnih podob sem zasnoval skorajda <a href=\"https:\/\/www.maligoj.si\/index.php\/2024\/12\/16\/skrbasta-abeceda\/\" data-type=\"post\" data-id=\"9443\">celo abecedo<\/a>. Oblikoval sem priro\u010dnike in knjige ter s svojimi fotografijami opremil deset letnikov revije za prosti \u010das. Najve\u010dji ustvarjalni izziv pa mi je predstavljalo oblikovanje zemljevidov.<\/p>\n\n\n\n<p>Zagovarjam na\u010delo &#8220;zdrav duh v zdravem telesu.&#8221; Skozi aikido spoznavam \u017eivljenje na abstraktni ravni. Voljo preizku\u0161am na dolgih trail tekih. Svoja popotni\u0161ka do\u017eivetja delim na <a href=\"https:\/\/fotografovdnevnik.maligoj.si\/\"><strong>blogu Fotografov dnevnik<\/strong><\/a>.<\/p>\n\n\n\n<blockquote class=\"wp-block-quote is-layout-flow wp-block-quote-is-layout-flow\" style=\"padding-right:var(--wp--preset--spacing--80);padding-left:var(--wp--preset--spacing--80)\">\n<p><em><strong>UX Umetnik<\/strong><br>Ste kdaj sre\u010dali umetnika, \u017eive\u010dega v realnem svetu? Tadej je eden izmed njih. Spada med deset najbolj\u0161ih strokovnjakov, kar sem jih sre\u010dal v svoji karieri &#8230; \u2014 <\/em>Pavel Reberc, Vrhovno sodi\u0161\u010de RS<\/p>\n<\/blockquote>\n\n\n\n<p class=\"p3\"><strong>Tadej Maligoj<\/strong>, arhitekt<br><a href=\"mailto:tadej.maligoj@gmail.com\">tadej.maligoj@gmail.com<\/a><br>+386 31 306 986<br><a href=\"https:\/\/www.linkedin.com\/in\/maligoj\/\">LinkedIn<\/a><\/p>\n","protected":false},"excerpt":{"rendered":"<p>Zdravo, Sem UX oblikovalec in arhitekt digitalnih re\u0161itev. Svojo oblikovalsko kariero sem posvetil razvoju ra\u010dunalni\u0161kih aplikacij, kjer sem v podobni vlogi kot je arhitekt v gradbeni\u0161tvu. Aktivno sodelujem v na\u010drtovanju produkta in pri tem ne gre le za estetsko vrednost \u2014 verjamem, da dobra zasnova uporabni\u0161kega vmesnika klju\u010dno vpliva na koristi vseh, vpletenih v produkt:&hellip;&nbsp;<a href=\"https:\/\/www.maligoj.si\/index.php\/sample-page\/\" rel=\"bookmark\">Preberi ve\u010d &raquo;<span class=\"screen-reader-text\">Tadej Maligoj<\/span><\/a><\/p>\n","protected":false},"author":1,"featured_media":0,"parent":0,"menu_order":0,"comment_status":"closed","ping_status":"closed","template":"","meta":{"neve_meta_sidebar":"","neve_meta_container":"","neve_meta_enable_content_width":"off","neve_meta_content_width":100,"neve_meta_title_alignment":"","neve_meta_author_avatar":"","neve_post_elements_order":"","neve_meta_disable_header":"","neve_meta_disable_footer":"","neve_meta_disable_title":"","footnotes":""},"class_list":["post-2","page","type-page","status-publish","hentry"],"jetpack_sharing_enabled":true,"_links":{"self":[{"href":"https:\/\/www.maligoj.si\/index.php\/wp-json\/wp\/v2\/pages\/2","targetHints":{"allow":["GET"]}}],"collection":[{"href":"https:\/\/www.maligoj.si\/index.php\/wp-json\/wp\/v2\/pages"}],"about":[{"href":"https:\/\/www.maligoj.si\/index.php\/wp-json\/wp\/v2\/types\/page"}],"author":[{"embeddable":true,"href":"https:\/\/www.maligoj.si\/index.php\/wp-json\/wp\/v2\/users\/1"}],"replies":[{"embeddable":true,"href":"https:\/\/www.maligoj.si\/index.php\/wp-json\/wp\/v2\/comments?post=2"}],"version-history":[{"count":25,"href":"https:\/\/www.maligoj.si\/index.php\/wp-json\/wp\/v2\/pages\/2\/revisions"}],"predecessor-version":[{"id":9495,"href":"https:\/\/www.maligoj.si\/index.php\/wp-json\/wp\/v2\/pages\/2\/revisions\/9495"}],"wp:attachment":[{"href":"https:\/\/www.maligoj.si\/index.php\/wp-json\/wp\/v2\/media?parent=2"}],"curies":[{"name":"wp","href":"https:\/\/api.w.org\/{rel}","templated":true}]}}